{"id":24357,"date":"2025-01-14T09:35:55","date_gmt":"2025-01-14T09:35:55","guid":{"rendered":"https:\/\/www.bmt.at\/product\/undercarriages\/"},"modified":"2025-01-14T09:35:55","modified_gmt":"2025-01-14T09:35:55","slug":"undercarriages","status":"publish","type":"product","link":"https:\/\/www.bmt.at\/en\/product\/undercarriages\/","title":{"rendered":"Undercarriages"},"content":{"rendered":"<p aria-level=\"4\"><b><span data-contrast=\"none\">Comprehensive solutions for your construction machinery<\/span><\/b><span data-ccp-props=\"{\"134245418\":true,\"134245529\":true,\"201341983\":0,\"335559738\":80,\"335559739\":40,\"335559740\":240}\"> <\/span><\/p>\n<p><span data-contrast=\"auto\">Our portfolio includes a wide range of products and services specifically tailored to the needs of the modern construction site:<\/span><span data-ccp-props=\"{\"134233117\":true,\"134233118\":true,\"201341983\":0,\"335559739\":0,\"335559740\":240}\"> <\/span><\/p>\n<ul>\n<li data-leveltext=\"\uf0b7\" data-font=\"Symbol\" data-listid=\"15\" data-list-defn-props=\"{\"335552541\":1,\"335559685\":720,\"335559991\":360,\"469769226\":\"Symbol\",\"469769242\":[8226],\"469777803\":\"left\",\"469777804\":\"\uf0b7\",\"469777815\":\"multilevel\"}\" aria-setsize=\"-1\" data-aria-posinset=\"1\" data-aria-level=\"1\"><span data-contrast=\"auto\"><b>In-house manufactured tools:<\/b><\/span> <span data-contrast=\"auto\">Designed and built to meet the highest standards.<\/span><span data-ccp-props=\"{\"134233117\":true,\"134233118\":true,\"201341983\":0,\"335559739\":0,\"335559740\":240}\"> <\/span><\/li>\n<\/ul>\n<ul>\n<li data-leveltext=\"\uf0b7\" data-font=\"Symbol\" data-listid=\"15\" data-list-defn-props=\"{\"335552541\":1,\"335559685\":720,\"335559991\":360,\"469769226\":\"Symbol\",\"469769242\":[8226],\"469777803\":\"left\",\"469777804\":\"\uf0b7\",\"469777815\":\"multilevel\"}\" aria-setsize=\"-1\" data-aria-posinset=\"2\" data-aria-level=\"1\"><span data-contrast=\"auto\"><b>Crawlers and components:<\/b><\/span> <span data-contrast=\"auto\">High-quality parts for grading and loading crawlers as well as hydraulic excavators, known for their durability and reliability.<\/span><span data-ccp-props=\"{\"134233117\":true,\"134233118\":true,\"201341983\":0,\"335559739\":0,\"335559740\":240}\"> <\/span><\/li>\n<\/ul>\n<ul>\n<li data-leveltext=\"\uf0b7\" data-font=\"Symbol\" data-listid=\"15\" data-list-defn-props=\"{\"335552541\":1,\"335559685\":720,\"335559991\":360,\"469769226\":\"Symbol\",\"469769242\":[8226],\"469777803\":\"left\",\"469777804\":\"\uf0b7\",\"469777815\":\"multilevel\"}\" aria-setsize=\"-1\" data-aria-posinset=\"3\" data-aria-level=\"1\"><b><span data-contrast=\"auto\">Laufwerke und Komponenten:<\/span><\/b> <span data-contrast=\"auto\">Hochwertige Teile f\u00fcr Planier- und Laderaupen sowie Hydraulikbagger, die f\u00fcr ihre Langlebigkeit und Zuverl\u00e4ssigkeit bekannt sind.<\/span><span data-ccp-props=\"{\"134233117\":true,\"134233118\":true,\"201341983\":0,\"335559739\":0,\"335559740\":240}\"> <\/span><\/li>\n<\/ul>\n<p aria-level=\"4\"><b><span data-contrast=\"none\">Quality and service as top priority<\/span><\/b><span data-ccp-props=\"{\"134245418\":true,\"134245529\":true,\"201341983\":0,\"335559738\":80,\"335559739\":40,\"335559740\":240}\"> <\/span><\/p>\n<p>Our specialized technicians and dedicated team work continuously to provide the best possible solutions for your needs.<\/p>\n<p>Only through a consistent focus on quality and excellent service can we ensure that construction machinery technology remains what it is \u2013 the number one on construction sites.<\/p>\n","protected":false},"excerpt":{"rendered":"<div style=\"background-color: #4da6e7; color: white; font-weight: bold; font-size: 24px; text-align: left; padding: 5px; letter-spacing: 1px; margin-bottom: 5px; display: inline-block;\">PROBLEM SOLVING<\/div>\n<div style=\"background-color: #4da6e7; color: white; font-family: Arial, sans-serif; font-weight: bold; font-size: 24px; text-align: left; padding: 5px; letter-spacing: 1px; margin-bottom: 5px; display: inline-block;\">FROM A SINGLE SOURCE.<\/div>\n<div><\/div>\n<p><b><span data-contrast=\"auto\">Baumaschinentechnik<\/span><\/b><span data-contrast=\"auto\"> represents top-tier problem-solving solutions that withstand the highest demands. We offer not only in-house manufactured tools but also high-quality crawlers and components for all well-known grading and loading crawlers as well as hydraulic excavators. Our comprehensive offering is complemented by an exceptional repair service.  <\/span><\/p>\n","protected":false},"featured_media":24237,"template":"","meta":{"inline_featured_image":false},"product_brand":[],"product_cat":[216],"product_tag":[219],"class_list":{"0":"post-24357","1":"product","2":"type-product","3":"status-publish","4":"has-post-thumbnail","6":"product_cat-excavator-equipment","7":"product_tag-excavator-equipment","9":"first","10":"instock","11":"shipping-taxable","12":"product-type-simple"},"_links":{"self":[{"href":"https:\/\/www.bmt.at\/en\/wp-json\/wp\/v2\/product\/24357","targetHints":{"allow":["GET"]}}],"collection":[{"href":"https:\/\/www.bmt.at\/en\/wp-json\/wp\/v2\/product"}],"about":[{"href":"https:\/\/www.bmt.at\/en\/wp-json\/wp\/v2\/types\/product"}],"wp:featuredmedia":[{"embeddable":true,"href":"https:\/\/www.bmt.at\/en\/wp-json\/wp\/v2\/media\/24237"}],"wp:attachment":[{"href":"https:\/\/www.bmt.at\/en\/wp-json\/wp\/v2\/media?parent=24357"}],"wp:term":[{"taxonomy":"product_brand","embeddable":true,"href":"https:\/\/www.bmt.at\/en\/wp-json\/wp\/v2\/product_brand?post=24357"},{"taxonomy":"product_cat","embeddable":true,"href":"https:\/\/www.bmt.at\/en\/wp-json\/wp\/v2\/product_cat?post=24357"},{"taxonomy":"product_tag","embeddable":true,"href":"https:\/\/www.bmt.at\/en\/wp-json\/wp\/v2\/product_tag?post=24357"}],"curies":[{"name":"wp","href":"https:\/\/api.w.org\/{rel}","templated":true}]}}